{"id":164,"date":"2021-02-12T11:12:40","date_gmt":"2021-02-12T10:12:40","guid":{"rendered":"https:\/\/www.hugo-ackermann.de\/?page_id=164"},"modified":"2024-04-09T18:38:13","modified_gmt":"2024-04-09T16:38:13","slug":"agb-und-zertifizierung","status":"publish","type":"page","link":"http:\/\/www.hugo-ackermann.de\/en\/agb-und-zertifizierung\/","title":{"rendered":"AGB and certification"},"content":{"rendered":"<p>[et_pb_section fb_built=&#8220;1&#8243; next_background_color=&#8220;#ffffff&#8220; admin_label=&#8220;Hero&#8220; _builder_version=&#8220;4.16&#8243; use_background_color_gradient=&#8220;on&#8220; background_color_gradient_direction=&#8220;70deg&#8220; background_color_gradient_stops=&#8220;#302118 0%|rgba(48,45,30,0.18) 100%&#8220; background_color_gradient_overlays_image=&#8220;on&#8220; background_color_gradient_start=&#8220;#302118&#8243; background_color_gradient_end=&#8220;rgba(48,45,30,0.18)&#8220; background_image=&#8220;https:\/\/www.hugo-ackermann.de\/wp-content\/uploads\/2021\/02\/DSC_5175-scaled.jpg&#8220; custom_margin=&#8220;||0%|||&#8220; custom_padding=&#8220;0vw||152px|||&#8220; bottom_divider_style=&#8220;asymmetric4&#8243; bottom_divider_height=&#8220;20vw&#8220; bottom_divider_repeat=&#8220;0.5x&#8220; bottom_divider_flip=&#8220;horizontal&#8220; global_colors_info=&#8220;{}&#8220;][et_pb_row _builder_version=&#8220;4.16&#8243; custom_margin=&#8220;|||&#8220; custom_padding=&#8220;27px|0px|0|0px|false|false&#8220; global_colors_info=&#8220;{}&#8220;][et_pb_column type=&#8220;4_4&#8243; _builder_version=&#8220;4.16&#8243; custom_padding=&#8220;|||&#8220; global_colors_info=&#8220;{}&#8220; custom_padding__hover=&#8220;|||&#8220;][et_pb_text _builder_version=&#8220;4.16&#8243; text_font=&#8220;||||||||&#8220; header_font=&#8220;Roboto|900|||||||&#8220; header_letter_spacing=&#8220;1px&#8220; header_line_height=&#8220;1.4em&#8220; header_2_font=&#8220;Josefin Sans||||||||&#8220; header_2_text_color=&#8220;rgba(255,255,255,0.6)&#8220; header_2_font_size=&#8220;32px&#8220; header_2_line_height=&#8220;1.4em&#8220; background_layout=&#8220;dark&#8220; animation_style=&#8220;slide&#8220; animation_direction=&#8220;right&#8220; animation_intensity_slide=&#8220;4%&#8220; header_font_size_tablet=&#8220;50px&#8220; header_font_size_phone=&#8220;32px&#8220; header_font_size_last_edited=&#8220;on|desktop&#8220; header_2_font_size_tablet=&#8220;&#8220; header_2_font_size_phone=&#8220;24px&#8220; header_2_font_size_last_edited=&#8220;on|phone&#8220; global_colors_info=&#8220;{}&#8220;]<\/p>\n<h1>AGB und Zertifizierung<\/h1>\n<p>[\/et_pb_text][\/et_pb_column][\/et_pb_row][\/et_pb_section][et_pb_section fb_built=&#8220;1&#8243; _builder_version=&#8220;4.16&#8243; _module_preset=&#8220;default&#8220; custom_padding=&#8220;0px|||||&#8220; global_colors_info=&#8220;{}&#8220;][et_pb_row column_structure=&#8220;1_2,1_2&#8243; _builder_version=&#8220;4.16&#8243; _module_preset=&#8220;default&#8220; global_colors_info=&#8220;{}&#8220;][et_pb_column type=&#8220;1_2&#8243; _builder_version=&#8220;4.16&#8243; _module_preset=&#8220;default&#8220; global_colors_info=&#8220;{}&#8220;][et_pb_button button_url=&#8220;https:\/\/www.hugo-ackermann.de\/wp-content\/uploads\/2024\/04\/000027_Hugo-Ackermann-GmbH-Co.-KG_QM-WA_Deutsch_HZERT_24_KUHL_PDF.pdf&#8220; url_new_window=&#8220;on&#8220; button_text=&#8220;Zertifikat DIN EN ISO 9001 : 2015&#8243; button_alignment=&#8220;center&#8220; _builder_version=&#8220;4.19.0&#8243; _module_preset=&#8220;default&#8220; custom_button=&#8220;on&#8220; button_text_color=&#8220;#FFFFFF&#8220; button_bg_color=&#8220;#E02B20&#8243; button_border_width=&#8220;0px&#8220; button_border_radius=&#8220;0px&#8220; button_font=&#8220;Open Sans|600|||||||&#8220; custom_margin=&#8220;||72px|||&#8220; hover_enabled=&#8220;0&#8243; global_colors_info=&#8220;{}&#8220; sticky_enabled=&#8220;0&#8243;][\/et_pb_button][\/et_pb_column][et_pb_column type=&#8220;1_2&#8243; _builder_version=&#8220;4.16&#8243; _module_preset=&#8220;default&#8220; global_colors_info=&#8220;{}&#8220;][et_pb_button button_url=&#8220;https:\/\/www.hugo-ackermann.de\/wp-content\/uploads\/2024\/04\/000027_Hugo-Ackermann-GmbH-Co.-KG_QM-WA_Englisch_HZERT_24_KUHL_PDF.pdf&#8220; url_new_window=&#8220;on&#8220; button_text=&#8220;Certificate DIN EN ISO 9001 : 2015&#8243; button_alignment=&#8220;center&#8220; _builder_version=&#8220;4.19.0&#8243; _module_preset=&#8220;default&#8220; custom_button=&#8220;on&#8220; button_text_color=&#8220;#FFFFFF&#8220; button_bg_color=&#8220;#E02B20&#8243; button_border_width=&#8220;0px&#8220; button_border_radius=&#8220;0px&#8220; button_font=&#8220;Open Sans|600|||||||&#8220; custom_margin=&#8220;||72px|||&#8220; hover_enabled=&#8220;0&#8243; global_colors_info=&#8220;{}&#8220; sticky_enabled=&#8220;0&#8243;][\/et_pb_button][\/et_pb_column][\/et_pb_row][et_pb_row _builder_version=&#8220;4.16&#8243; _module_preset=&#8220;default&#8220; module_alignment=&#8220;center&#8220; custom_margin=&#8220;-28px|auto||auto||&#8220; custom_padding=&#8220;21px|||||&#8220; global_colors_info=&#8220;{}&#8220;][et_pb_column type=&#8220;4_4&#8243; _builder_version=&#8220;4.16&#8243; _module_preset=&#8220;default&#8220; global_colors_info=&#8220;{}&#8220;][et_pb_text _builder_version=&#8220;4.16&#8243; _module_preset=&#8220;default&#8220; text_font=&#8220;Open Sans||||||||&#8220; text_line_height=&#8220;1.5em&#8220; global_colors_info=&#8220;{}&#8220;]<\/p>\n<h5>Allgemeine Lieferungs- und Zahlungsbedingungen<\/h5>\n<p><strong>I. Vertragsabschlu\u00df und Vertragsinhalt<\/strong><br \/> 1. Unsere Angebote sind stets freibleibend bis zur schriftlichen Auftragsbest\u00e4tigung durch uns.<br \/> 2. F\u00fcr das Vertragsverh\u00e4ltnis gelten ausschlie\u00dflich unsere \u201eAllgemeinen Lieferungs- und Zahlungsbedingungen\u201c. Einkaufsbedingungen des Bestellers verpflichten uns nicht, auch wenn wir diesen nicht ausdr\u00fccklich widersprochen haben.<br \/> 3. Die Eindeckung von Rohmaterialien bleibt vorbehalten, d. h., wir sind zur Lieferung nur insoweit verpflichtet, als uns eine Eindeckung der notwendigen Rohmaterialien zu dem am Tage der Auftragsannahme g\u00fcltigen Preise m\u00f6glich ist.<br \/> 4. Die Rechte des Bestellers aus dem Vertrag sind nur mit unserer vorherigen Zustimmung \u00fcbertragbar.<br \/> <strong>II. Preise<\/strong><br \/> 1. Alle Preise verstehen sich in Euro ab Werk ausschlie\u00dflich Verpackung und ohne Amortisation, sofern nicht anders vereinbart. Zugerechnet wird die Umsatzsteuer nach den jeweils geltenden gesetzlichen Bestimmungen.<br \/> 2. Die vereinbarten Preise gelten als Grundpreise. Sie sind Festpreise, wenn bis zum Tage unserer Lieferung (Rechnungserteilung) keine \u00c4nderungen eintreten, insbesondere bei Rohmaterial- oder Hilfsstoffpreisen, bei L\u00f6hnen und Geh\u00e4ltern, bei Frachten oder \u00f6ffentlichen Abgaben. Sollten diese \u00c4nderungen nach Vertragsabschlu\u00df eintreten, sind wir berechtigt, eine angemessene Preiserh\u00f6hung vorzunehmen.<br \/> <strong>III. Zahlungsbedingungen<\/strong><br \/> 1. Unsere Rechnungen sind zahlbar in Kierspe, und zwar ab Rechnungsdatum innerhalb von 14 Tagen mit 2% Skonto, innerhalb von 30 Tagen netto.<br \/> 2. Werden Zahlungsbedingungen nicht eingehalten und insbesondere Teilzahlungsfristen \u00fcberschritten, so wird die gesamte Restforderung sofort f\u00e4llig. Verschlechtert sich die Kreditw\u00fcrdigkeit des Bestellers vor F\u00e4lligkeit wesentlich, so steht uns das Recht zu, wahlweise sofortige Leistung zu verlangen oder vom Vertrag zur\u00fcckzutreten, sofern wir nicht auf andere Weise ausreichend abgesichert werden. F\u00e4llige Forderungen sind vom Besteller mit einem Zinssatz von 8 Prozentpunkten \u00fcber dem Basiszinssatz zu verzinsen, ohne dass es einer in Verzugsetzung bedarf.<br \/> 3. Werkzeugkosten bzw. Werkzeug\u00e4nderungskosten sind zahlbar in bar ohne jeden Abzug bei Vorlage des Ausfallmusters.<br \/> 4. Der Besteller ist nicht berechtigt, Zahlungen zur\u00fcckzuhalten oder aufzurechnen, auch nicht wegen Beanstandungen oder Gegenanspr\u00fcchen.<br \/> <strong>IV. Haftung f\u00fcr M\u00e4ngel<\/strong><br \/> 1. Unsere Lieferungen erfolgen unfrei und ausschlie\u00dflich Verpackung auf Rechnung und Gefahr des Bestellers, sofern nicht anders vereinbart.<br \/> 2. Liefertermine gelten fr\u00fchestens nach vollst\u00e4ndiger Klarstellung aller f\u00fcr die Abwicklung des Auftrags erforderlichen Angaben durch den Besteller und sind unverbindlich. Betriebst\u00f6rungen, Rohmaterialmangel, Maschinendefekte, Arbeitermangel, Krankheit, Unf\u00e4lle, Streiks, Aussperrung, Krieg, Aufruhr und<br \/> sonstige F\u00e4lle h\u00f6herer Gewalt entbinden uns f\u00fcr die Dauer der Behinderung von den eingegangenen Lieferverpflichtungen.<br \/> <strong>V. Haftung f\u00fcr M\u00e4ngel<\/strong><br \/> 1. Beanstandungen sind unverz\u00fcglich nach Feststellung der Abweichung, sp\u00e4testens zwei Wochen nach Empfang der Ware schriftlich geltend zu machen. Es gelten die gesetzlichen Gew\u00e4hrleistungsregeln. Stellt der Besteller auf Verlangen keine Proben der beanstandeten Ware unverz\u00fcglich zur Verf\u00fcgung, entfallen alle M\u00e4ngelanspr\u00fcche.<br \/> 2. Gew\u00e4hr und Schadenersatz leisten wir nur in der Weise, dass wir f\u00fcr die Waren, die nachweisbar durch Material \u2013 und eigene Bearbeitungsfehler unbrauchbar sind, so schnell wie m\u00f6glich kostenlos Ersatz liefern. Weiter gehende Entsch\u00e4digungsanspr\u00fcche aller Art, zum Beispiel Ersatz wegen Nichterf\u00fcllung, f\u00fcr aufgewandten Arbeitslohn, entgangenen Gewinn, Verzugssch\u00e4den, Versandkosten usw., werden nicht geleistet.<br \/> 3. Die R\u00fccksendung mangelhafter Ware bedarf unserer Zustimmung, andernfalls hat der Besteller s\u00e4mtliche durch die R\u00fccksendung entstehenden Kosten zu tragen.<br \/> 4. F\u00fcr Sch\u00e4den in Folge unsachgem\u00e4\u00dfer Behandlung und \u00fcberm\u00e4\u00dfiger Inanspruchnahme oder nat\u00fcrlicher Abnutzung haften wir nicht.<br \/> <strong>VI. Schutzrechte Dritter<\/strong><br \/> Erfolgen Lieferungen nach Zeichnungen oder sonstige Angaben des Bestellers und werden hierdurch Schutzrechte Dritter verletzt, so hat uns der Besteller gegen\u00fcber s\u00e4mtlichen Anspr\u00fcchen des Schutzrechtsinhabers schadlos zu stellen.<br \/> <strong>VII. Eigentumsvorbehalt<\/strong><br \/> 1. Wir behalten uns das Eigentum an der von uns gelieferten Ware sowie an den etwa aus ihrer Be- oder Verarbeitung entstehenden Erzeugnissen bis zur<br \/> Erf\u00fcllung aller aus der Gesch\u00e4ftsverbindung jetzt oder zuk\u00fcnftig gegen den Besteller zustehenden Anspr\u00fcche vor.<br \/> 2. Verarbeitet der Besteller Vorbehaltsware mit anderen Waren, so steht uns das Eigentum an den neuen Gegenst\u00e4nden im Verh\u00e4ltnis des Wertes der verarbeiteten Vorbehaltsware zum Gesamtwarenwert zu. Seine durch Verbindung, Vermengung oder Vermischung der gelieferten Gegenst\u00e4nde mit anderen Materialien m\u00f6glicherweise entstehenden Miteigentumsanteile gelten jetzt schon als auf uns \u00fcbertragen. Der Besteller wird die Gegenst\u00e4nde als Verwahrer f\u00fcr uns mit kaufm\u00e4nnischer Sorgfalt besitzen. Der Besteller darf die gelieferten Waren und die aus ihrer Be- und Verarbeitung entstehenden Gegenst\u00e4nde nur im ordnungsgem\u00e4\u00dfen Gesch\u00e4ftsverkehr und nur gegen Bezahlung oder unter Eigentumsvorbehalt ver\u00e4u\u00dfern. Die dem Besteller aus der weiteren Ver\u00e4u\u00dferung oder aus einem sonstigen die Vorbehaltsware betreffenden Rechtsgrund zustehenden Forderungen, einschlie\u00dflich derjenigen aus Schadenersatz oder Versicherungsleistung, tritt der Besteller schon jetzt an uns ab zu unserer Sicherung bis zur H\u00f6he des Wertes der weiteren ver\u00e4u\u00dferten Waren. Der Besteller tritt hiermit die Forderung mit allen Nebenrechten aus dem Weiterverkauf der Vorbehaltsware an uns ab, und zwar anteilig auch insoweit, als die Ware verarbeitet, vermischt oder vermengt ist und wir hieran in H\u00f6he des Rechnungswertes Miteigentum erlangt haben. Uns steht an dieser Zession ein im Verh\u00e4ltnis zum Rechnungswert unserer Vorbehaltsware zum Rechnungswert des Gegenstandes entsprechender Bruchteil der jeweiligen Kaufpreisforderung zu.<br \/> 3. Solange der Besteller seinen Verpflichtungen nachkommt, wird die Abtretung als stille Abtretung behandelt. Der Besteller ist in diesem Fall zur Einziehung der Forderung erm\u00e4chtigt. Wir sind berechtigt, bei Zahlungsverzug oder Zahlungsschwierigkeiten die sofortige Herausgabe der noch nicht weiter ver\u00e4u\u00dferten Waren zu verlangen. Bis dahin hat der Besteller die in unserem Eigentum stehenden Waren getrennt von anderen zu lagern, als unser Eigentum zu kennzeichnen, sich jeder Verf\u00fcgung dar\u00fcber zu enthalten und uns auf Verlangen ein Verzeichnis unseres Eigentums zu \u00fcbergeben.<br \/> 4. Zugriffe Dritter auf die Vorbehaltsware oder die abgetretenen Forderungen hat der Besteller uns sofort unter \u00dcbergabe der f\u00fcr die Intervention notwendigen Unterlagen anzuzeigen. Die Kosten der Intervention tr\u00e4gt der Besteller.<br \/> 5. \u00dcbersteigt der Wert der uns \u00fcbergebenen Sicherheiten unsere Forderungen um mehr als 10%, so sind wir auf Verlangen verpflichtet, die vorgenannten Sicherheiten insoweit \u2013 nach unserer Wahl freizugeben.<br \/> <strong>VIII. Erf\u00fcllungsort\/ Gerichtsstand<\/strong><br \/> 1. Erf\u00fcllungsort f\u00fcr alle aus dem Vertrage sich ergebenen Verpflichtungen und Anspr\u00fcche ist Kierspe.<br \/> 2. Als Gerichtsstand gilt das f\u00fcr unseren Sitz zust\u00e4ndige Gericht als vereinbart.<\/p>\n<p>[\/et_pb_text][\/et_pb_column][\/et_pb_row][\/et_pb_section][et_pb_section fb_built=&#8220;1&#8243; _builder_version=&#8220;4.16&#8243; _module_preset=&#8220;default&#8220; custom_padding=&#8220;0px|||||&#8220; global_colors_info=&#8220;{}&#8220;][\/et_pb_section]<\/p>\n","protected":false},"excerpt":{"rendered":"<p>AGB und ZertifizierungAllgemeine Lieferungs- und Zahlungsbedingungen I. Vertragsabschlu\u00df und Vertragsinhalt 1. Unsere Angebote sind stets freibleibend bis zur schriftlichen Auftragsbest\u00e4tigung durch uns. 2. F\u00fcr das Vertragsverh\u00e4ltnis gelten ausschlie\u00dflich unsere \u201eAllgemeinen Lieferungs- und Zahlungsbedingungen\u201c. Einkaufsbedingungen des Bestellers verpflichten uns nicht, auch wenn wir diesen nicht ausdr\u00fccklich widersprochen haben. 3. Die Eindeckung von Rohmaterialien bleibt vorbehalten, d. [&hellip;]<\/p>\n","protected":false},"author":1,"featured_media":0,"parent":0,"menu_order":0,"comment_status":"closed","ping_status":"closed","template":"","meta":{"_et_pb_use_builder":"on","_et_pb_old_content":"","_et_gb_content_width":"","footnotes":""},"class_list":["post-164","page","type-page","status-publish","hentry"],"yoast_head":"<!-- This site is optimized with the Yoast SEO plugin v27.4 - https:\/\/yoast.com\/product\/yoast-seo-wordpress\/ -->\n<title>AGB und Zertifizierung - Hugo Ackermann<\/title>\n<meta name=\"robots\" content=\"index, follow, max-snippet:-1, max-image-preview:large, max-video-preview:-1\" \/>\n<link rel=\"canonical\" href=\"https:\/\/www.hugo-ackermann.de\/en\/agb-und-zertifizierung\/\" \/>\n<meta property=\"og:locale\" content=\"en_GB\" \/>\n<meta property=\"og:type\" content=\"article\" \/>\n<meta property=\"og:title\" content=\"AGB und Zertifizierung - Hugo Ackermann\" \/>\n<meta property=\"og:description\" content=\"AGB und ZertifizierungAllgemeine Lieferungs- und Zahlungsbedingungen I. Vertragsabschlu\u00df und Vertragsinhalt 1. Unsere Angebote sind stets freibleibend bis zur schriftlichen Auftragsbest\u00e4tigung durch uns. 2. F\u00fcr das Vertragsverh\u00e4ltnis gelten ausschlie\u00dflich unsere \u201eAllgemeinen Lieferungs- und Zahlungsbedingungen\u201c. Einkaufsbedingungen des Bestellers verpflichten uns nicht, auch wenn wir diesen nicht ausdr\u00fccklich widersprochen haben. 3. Die Eindeckung von Rohmaterialien bleibt vorbehalten, d. [&hellip;]\" \/>\n<meta property=\"og:url\" content=\"https:\/\/www.hugo-ackermann.de\/en\/agb-und-zertifizierung\/\" \/>\n<meta property=\"og:site_name\" content=\"Hugo Ackermann\" \/>\n<meta property=\"article:modified_time\" content=\"2024-04-09T16:38:13+00:00\" \/>\n<meta name=\"twitter:card\" content=\"summary_large_image\" \/>\n<meta name=\"twitter:label1\" content=\"Estimated reading time\" \/>\n\t<meta name=\"twitter:data1\" content=\"5 minutes\" \/>\n<script type=\"application\/ld+json\" class=\"yoast-schema-graph\">{\"@context\":\"https:\\\/\\\/schema.org\",\"@graph\":[{\"@type\":\"WebPage\",\"@id\":\"https:\\\/\\\/www.hugo-ackermann.de\\\/agb-und-zertifizierung\\\/\",\"url\":\"https:\\\/\\\/www.hugo-ackermann.de\\\/agb-und-zertifizierung\\\/\",\"name\":\"AGB und Zertifizierung - Hugo Ackermann\",\"isPartOf\":{\"@id\":\"https:\\\/\\\/www.hugo-ackermann.de\\\/#website\"},\"datePublished\":\"2021-02-12T10:12:40+00:00\",\"dateModified\":\"2024-04-09T16:38:13+00:00\",\"breadcrumb\":{\"@id\":\"https:\\\/\\\/www.hugo-ackermann.de\\\/agb-und-zertifizierung\\\/#breadcrumb\"},\"inLanguage\":\"en-GB\",\"potentialAction\":[{\"@type\":\"ReadAction\",\"target\":[\"https:\\\/\\\/www.hugo-ackermann.de\\\/agb-und-zertifizierung\\\/\"]}]},{\"@type\":\"BreadcrumbList\",\"@id\":\"https:\\\/\\\/www.hugo-ackermann.de\\\/agb-und-zertifizierung\\\/#breadcrumb\",\"itemListElement\":[{\"@type\":\"ListItem\",\"position\":1,\"name\":\"Startseite\",\"item\":\"https:\\\/\\\/www.hugo-ackermann.de\\\/\"},{\"@type\":\"ListItem\",\"position\":2,\"name\":\"AGB und Zertifizierung\"}]},{\"@type\":\"WebSite\",\"@id\":\"https:\\\/\\\/www.hugo-ackermann.de\\\/#website\",\"url\":\"https:\\\/\\\/www.hugo-ackermann.de\\\/\",\"name\":\"Hugo Ackermann\",\"description\":\"Hugo Ackermann GmbH &amp; Co. KG\",\"publisher\":{\"@id\":\"https:\\\/\\\/www.hugo-ackermann.de\\\/#organization\"},\"potentialAction\":[{\"@type\":\"SearchAction\",\"target\":{\"@type\":\"EntryPoint\",\"urlTemplate\":\"https:\\\/\\\/www.hugo-ackermann.de\\\/?s={search_term_string}\"},\"query-input\":{\"@type\":\"PropertyValueSpecification\",\"valueRequired\":true,\"valueName\":\"search_term_string\"}}],\"inLanguage\":\"en-GB\"},{\"@type\":\"Organization\",\"@id\":\"https:\\\/\\\/www.hugo-ackermann.de\\\/#organization\",\"name\":\"Hugo Ackermann GmbH & Co. KG\",\"url\":\"https:\\\/\\\/www.hugo-ackermann.de\\\/\",\"logo\":{\"@type\":\"ImageObject\",\"inLanguage\":\"en-GB\",\"@id\":\"https:\\\/\\\/www.hugo-ackermann.de\\\/#\\\/schema\\\/logo\\\/image\\\/\",\"url\":\"https:\\\/\\\/www.hugo-ackermann.de\\\/wp-content\\\/uploads\\\/2021\\\/02\\\/cropped-Icon.png\",\"contentUrl\":\"https:\\\/\\\/www.hugo-ackermann.de\\\/wp-content\\\/uploads\\\/2021\\\/02\\\/cropped-Icon.png\",\"width\":512,\"height\":512,\"caption\":\"Hugo Ackermann GmbH & Co. KG\"},\"image\":{\"@id\":\"https:\\\/\\\/www.hugo-ackermann.de\\\/#\\\/schema\\\/logo\\\/image\\\/\"}}]}<\/script>\n<!-- \/ Yoast SEO plugin. -->","yoast_head_json":{"title":"AGB und Zertifizierung - Hugo Ackermann","robots":{"index":"index","follow":"follow","max-snippet":"max-snippet:-1","max-image-preview":"max-image-preview:large","max-video-preview":"max-video-preview:-1"},"canonical":"https:\/\/www.hugo-ackermann.de\/en\/agb-und-zertifizierung\/","og_locale":"en_GB","og_type":"article","og_title":"AGB und Zertifizierung - Hugo Ackermann","og_description":"AGB und ZertifizierungAllgemeine Lieferungs- und Zahlungsbedingungen I. Vertragsabschlu\u00df und Vertragsinhalt 1. Unsere Angebote sind stets freibleibend bis zur schriftlichen Auftragsbest\u00e4tigung durch uns. 2. F\u00fcr das Vertragsverh\u00e4ltnis gelten ausschlie\u00dflich unsere \u201eAllgemeinen Lieferungs- und Zahlungsbedingungen\u201c. Einkaufsbedingungen des Bestellers verpflichten uns nicht, auch wenn wir diesen nicht ausdr\u00fccklich widersprochen haben. 3. Die Eindeckung von Rohmaterialien bleibt vorbehalten, d. [&hellip;]","og_url":"https:\/\/www.hugo-ackermann.de\/en\/agb-und-zertifizierung\/","og_site_name":"Hugo Ackermann","article_modified_time":"2024-04-09T16:38:13+00:00","twitter_card":"summary_large_image","twitter_misc":{"Estimated reading time":"5 minutes"},"schema":{"@context":"https:\/\/schema.org","@graph":[{"@type":"WebPage","@id":"https:\/\/www.hugo-ackermann.de\/agb-und-zertifizierung\/","url":"https:\/\/www.hugo-ackermann.de\/agb-und-zertifizierung\/","name":"AGB und Zertifizierung - Hugo Ackermann","isPartOf":{"@id":"https:\/\/www.hugo-ackermann.de\/#website"},"datePublished":"2021-02-12T10:12:40+00:00","dateModified":"2024-04-09T16:38:13+00:00","breadcrumb":{"@id":"https:\/\/www.hugo-ackermann.de\/agb-und-zertifizierung\/#breadcrumb"},"inLanguage":"en-GB","potentialAction":[{"@type":"ReadAction","target":["https:\/\/www.hugo-ackermann.de\/agb-und-zertifizierung\/"]}]},{"@type":"BreadcrumbList","@id":"https:\/\/www.hugo-ackermann.de\/agb-und-zertifizierung\/#breadcrumb","itemListElement":[{"@type":"ListItem","position":1,"name":"Startseite","item":"https:\/\/www.hugo-ackermann.de\/"},{"@type":"ListItem","position":2,"name":"AGB und Zertifizierung"}]},{"@type":"WebSite","@id":"https:\/\/www.hugo-ackermann.de\/#website","url":"https:\/\/www.hugo-ackermann.de\/","name":"Hugo Ackermann","description":"Hugo Ackermann GmbH &amp; Co. KG","publisher":{"@id":"https:\/\/www.hugo-ackermann.de\/#organization"},"potentialAction":[{"@type":"SearchAction","target":{"@type":"EntryPoint","urlTemplate":"https:\/\/www.hugo-ackermann.de\/?s={search_term_string}"},"query-input":{"@type":"PropertyValueSpecification","valueRequired":true,"valueName":"search_term_string"}}],"inLanguage":"en-GB"},{"@type":"Organization","@id":"https:\/\/www.hugo-ackermann.de\/#organization","name":"Hugo Ackermann GmbH & Co. KG","url":"https:\/\/www.hugo-ackermann.de\/","logo":{"@type":"ImageObject","inLanguage":"en-GB","@id":"https:\/\/www.hugo-ackermann.de\/#\/schema\/logo\/image\/","url":"https:\/\/www.hugo-ackermann.de\/wp-content\/uploads\/2021\/02\/cropped-Icon.png","contentUrl":"https:\/\/www.hugo-ackermann.de\/wp-content\/uploads\/2021\/02\/cropped-Icon.png","width":512,"height":512,"caption":"Hugo Ackermann GmbH & Co. KG"},"image":{"@id":"https:\/\/www.hugo-ackermann.de\/#\/schema\/logo\/image\/"}}]}},"_links":{"self":[{"href":"http:\/\/www.hugo-ackermann.de\/en\/wp-json\/wp\/v2\/pages\/164","targetHints":{"allow":["GET"]}}],"collection":[{"href":"http:\/\/www.hugo-ackermann.de\/en\/wp-json\/wp\/v2\/pages"}],"about":[{"href":"http:\/\/www.hugo-ackermann.de\/en\/wp-json\/wp\/v2\/types\/page"}],"author":[{"embeddable":true,"href":"http:\/\/www.hugo-ackermann.de\/en\/wp-json\/wp\/v2\/users\/1"}],"replies":[{"embeddable":true,"href":"http:\/\/www.hugo-ackermann.de\/en\/wp-json\/wp\/v2\/comments?post=164"}],"version-history":[{"count":11,"href":"http:\/\/www.hugo-ackermann.de\/en\/wp-json\/wp\/v2\/pages\/164\/revisions"}],"predecessor-version":[{"id":641,"href":"http:\/\/www.hugo-ackermann.de\/en\/wp-json\/wp\/v2\/pages\/164\/revisions\/641"}],"wp:attachment":[{"href":"http:\/\/www.hugo-ackermann.de\/en\/wp-json\/wp\/v2\/media?parent=164"}],"curies":[{"name":"wp","href":"https:\/\/api.w.org\/{rel}","templated":true}]}}